{"id":12,"date":"2024-02-21T19:52:48","date_gmt":"2024-02-21T19:52:48","guid":{"rendered":"https:\/\/mist-schopfheim.de\/?page_id=12"},"modified":"2024-10-22T21:06:57","modified_gmt":"2024-10-22T20:06:57","slug":"veranstaltungen","status":"publish","type":"page","link":"https:\/\/mist-schopfheim.de\/?page_id=12","title":{"rendered":"Veranstaltungen"},"content":{"rendered":"<p>Veranstaltungsort ist, sofern nichts anderes Angegeben ist, folgende Adresse:<\/p>\n<p>Adolf-M\u00fcller-Str. 10A<br \/>\n79650 Schopfheim<br \/>\nKlingeln bei &#8222;Kolping&#8220;<\/p>\n<p><iframe loading=\"lazy\" style=\"border: 1px solid black;\" src=\"https:\/\/www.openstreetmap.org\/export\/embed.html?bbox=7.817898988723756%2C47.647609763801526%2C7.821439504623414%2C47.64915651018762&amp;layer=mapnik&amp;marker=47.64838314272033%2C7.819669246673584\" width=\"425\" height=\"350\"><\/iframe><br \/>\n<small><a href=\"https:\/\/www.openstreetmap.org\/?mlat=47.64838&amp;mlon=7.81967#map=19\/47.64838\/7.81967\">Gr\u00f6\u00dfere Karte anzeigen<\/a><\/small><\/p>\n","protected":false},"excerpt":{"rendered":"<p>Veranstaltungsort ist, sofern nichts anderes Angegeben ist, folgende Adresse: Adolf-M\u00fcller-Str. 10A 79650 Schopfheim Klingeln bei &#8222;Kolping&#8220; Gr\u00f6\u00dfere Karte anzeigen<\/p>\n","protected":false},"author":1,"featured_media":0,"parent":0,"menu_order":0,"comment_status":"closed","ping_status":"closed","template":"","meta":{"_crdt_document":"","footnotes":""},"class_list":["post-12","page","type-page","status-publish","hentry"],"jetpack_sharing_enabled":true,"_links":{"self":[{"href":"https:\/\/mist-schopfheim.de\/index.php?rest_route=\/wp\/v2\/pages\/12","targetHints":{"allow":["GET"]}}],"collection":[{"href":"https:\/\/mist-schopfheim.de\/index.php?rest_route=\/wp\/v2\/pages"}],"about":[{"href":"https:\/\/mist-schopfheim.de\/index.php?rest_route=\/wp\/v2\/types\/page"}],"author":[{"embeddable":true,"href":"https:\/\/mist-schopfheim.de\/index.php?rest_route=\/wp\/v2\/users\/1"}],"replies":[{"embeddable":true,"href":"https:\/\/mist-schopfheim.de\/index.php?rest_route=%2Fwp%2Fv2%2Fcomments&post=12"}],"version-history":[{"count":16,"href":"https:\/\/mist-schopfheim.de\/index.php?rest_route=\/wp\/v2\/pages\/12\/revisions"}],"predecessor-version":[{"id":101,"href":"https:\/\/mist-schopfheim.de\/index.php?rest_route=\/wp\/v2\/pages\/12\/revisions\/101"}],"wp:attachment":[{"href":"https:\/\/mist-schopfheim.de\/index.php?rest_route=%2Fwp%2Fv2%2Fmedia&parent=12"}],"curies":[{"name":"wp","href":"https:\/\/api.w.org\/{rel}","templated":true}]}}